{"id":1341,"date":"2016-10-11T18:59:25","date_gmt":"2016-10-11T18:59:25","guid":{"rendered":"https:\/\/h-two.tech\/?page_id=1341"},"modified":"2026-03-21T10:38:19","modified_gmt":"2026-03-21T10:38:19","slug":"home-op-01","status":"publish","type":"page","link":"https:\/\/h-two.tech\/de\/","title":{"rendered":"home"},"content":{"rendered":"<p><div class=\"section section-white\"  id=\"home\"  style=\"border-radius:0px;\" >\n\t\t\t<style>\n\t\t\t.nowadays-slider .subtitle .fw-inner {   font-size: 14px; \/* Line 2 Default *\/ }  .nowadays-slider .subtitle .fw-inner:first-child {   font-size: 20px; }\t\t<\/style>\n\t\n\t\n\t\n\t\t\n\t\t\n\t\t\n\t\t\t\t\t<div class=\"align-left\">\n\n\t\t\t\t\n\t\t\t\t\t<div class=\"main-1 main-1-slider slide-like-a-pro\" data-slide-like-a-pro=\"{&quot;autoplayTimeout&quot;:&quot;8000&quot;,&quot;firstRunDelay&quot;:&quot;700&quot;,&quot;autoplay&quot;:&quot;true&quot;,&quot;timeline&quot;:&quot;true&quot;,&quot;loop&quot;:&quot;true&quot;,&quot;nav&quot;:&quot;true&quot;}\" style=\"border-radius:0px;\">\n\t\t<div class=\"main-1-item\">\n\t\t<div class=\"parallax\" style=\"background-image:url(https:\/\/h-two.tech\/wp-content\/uploads\/2026\/01\/DA.png);background-size:cover;background-repeat:no-repeat;border-radius:0px;\" data-parallax=\"{&quot;speed&quot;:&quot;0.75&quot;,&quot;fading&quot;:&quot;true&quot;,&quot;minFading&quot;:&quot;70&quot;,&quot;scale&quot;:&quot;false&quot;,&quot;maxScale&quot;:&quot;&quot;}\"><\/div>\n\t\t<div class=\"container\">\n\t\t\t<div class=\"main-1-item__inner align-left\">\n\t\t\t\t<h2 class=\"main-1-item__title\"><span class=\"main-1-item__title_part_1\">NUTZEN SIE ABF\u00c4LLE<\/span> <span class=\"theme-color main-1-item__title_part_2\">UM WERT ZU SCHAFFEN<\/span> <span class=\"main-1-item__title_thin theme-color main-1-item__title_part_3\"><\/span><\/h2>\n\t\t\t\t<p class=\"main-1-item__subtitle\"><\/p>\n\t\t\t\t\t\t\t\t\n\n<a href=\"https:\/\/icb.qr1.at\/h3oyiz\" target=\"_blank\" class=\"btn-a btn-a_weight_bold btn-a_fill_theme btn-a_color_theme btn-a_size_large btn-a_upper\" style=\"border-radius:0px;\"  >\n\t\t\t\t\t\t\tKONTAKT<\/a>\n\t\t\t\t\n\n<a href=\"https:\/\/www.zero-carbon.at\/\" target=\"_blank\" class=\"btn-a btn-a_weight_bold btn-a_color_white btn-a_size_large btn-a_upper\" style=\"border-radius:0px;\"  >\n\t\t\t\t\t\t\tWEITERE informationen zu Leistungen und Technologien<\/a>\n\t\t\t<\/div>\n\t\t<\/div>\n\t<\/div>\n\t\t<div class=\"main-1-item\">\n\t\t<div class=\"parallax\" style=\"background-image:url(https:\/\/h-two.tech\/wp-content\/uploads\/2026\/01\/077.png);background-size:cover;background-repeat:no-repeat;border-radius:0px;\" data-parallax=\"{&quot;speed&quot;:&quot;0.75&quot;,&quot;fading&quot;:&quot;true&quot;,&quot;minFading&quot;:&quot;70&quot;,&quot;scale&quot;:&quot;false&quot;,&quot;maxScale&quot;:&quot;&quot;}\"><\/div>\n\t\t<div class=\"container\">\n\t\t\t<div class=\"main-1-item__inner align-left\">\n\t\t\t\t<h2 class=\"main-1-item__title\"><span class=\"main-1-item__title_part_1\">WASSERSTOFFPRODUKTION<\/span> <span class=\"theme-color main-1-item__title_part_2\">AUS INDUSTRIEABF\u00c4LLEN<\/span> <span class=\"main-1-item__title_thin theme-color main-1-item__title_part_3\"><\/span><\/h2>\n\t\t\t\t<p class=\"main-1-item__subtitle\"><\/p>\n\t\t\t\t\t\t\t\t\n\n<a href=\"https:\/\/icb.qr1.at\/h3oyiz\" target=\"_blank\" class=\"btn-a btn-a_weight_bold btn-a_fill_theme btn-a_color_theme btn-a_size_large btn-a_upper\" style=\"border-radius:0px;\"  >\n\t\t\t\t\t\t\tKONTAKT<\/a>\n\t\t\t\t\n\n\t\t\t<\/div>\n\t\t<\/div>\n\t<\/div>\n\t<\/div>\n\n\n\n\t\t\t\t\t\n\t\t\t<\/div>\n\t\t\t\t\n\t<\/div><div class=\"section section-white section-2 pt-0 pb-0\"   style=\"border-radius:0px;\" >\n\t\n\t\n\t\n\t\t\n\t\t\n\t\t\n\t\t\t\t\t<div class=\"container align-center\">\n\n\t\t\t\t\n\t\t\t\t\t<div class=\"row\">\n\t\n<div class=\"col-xs-12 col-sm-6 align-top\" style=\"border-radius:0px;\"  >\n\t\t\t\t\n\t\t\t\n<div class=\"counters-item\" style=\"border-radius:0px;\">\n\t\t\t<div class=\"counters-item__count fx\" data-counters-number=\"100\" data-counters-duration=\"3600\" data-counters-units=\"%\" data-counters-units-after=\"true\" data-counters-delimiter=\",\">0<\/div>\n\t<p class=\"counters-item__description\">RETURN ON INVESTMENT<\/p>\n<\/div>\t\t\t\n\t\t\n\t<\/div>\n<div class=\"col-xs-12 col-sm-6 align-top\" style=\"border-radius:0px;\"  >\n\t\t\t\t\n\t\t\t\n<div class=\"counters-item\" style=\"border-radius:0px;\">\n\t\t\t<div class=\"counters-item__count fx\" data-counters-number=\"100\" data-counters-duration=\"3600\" data-counters-units=\"%\" data-counters-units-after=\"true\" data-counters-delimiter=\",\">0<\/div>\n\t<p class=\"counters-item__description\">SKALIERBAR UND ANPASSUNGSF\u00c4HIG<\/p>\n<\/div>\t\t\t\n\t\t\n\t<\/div>\n<div class=\"col-xs-12 col-sm-6 align-top\" style=\"border-radius:0px;\"  >\n\t\t\t\t\n\t\t\t\n<div class=\"counters-item\" style=\"border-radius:0px;\">\n\t\t\t<div class=\"counters-item__count fx\" data-counters-number=\"100\" data-counters-duration=\"3600\" data-counters-units=\"%\" data-counters-units-after=\"true\" data-counters-delimiter=\",\">0<\/div>\n\t<p class=\"counters-item__description\">ZUKUNFTSSICHER<\/p>\n<\/div>\t\t\t\n\t\t\n\t<\/div>\n<div class=\"col-xs-12 col-sm-6 align-top\" style=\"border-radius:0px;\"  >\n\t\t\t\t\n\t\t\t<div class=\"fw-iconbox clearfix fw-iconbox-1\">\n\t<div class=\"fw-iconbox-image\">\n\t\t<i class=\"fa fa-ban\"><\/i>\n\t<\/div>\n\t<div class=\"fw-iconbox-aside\">\n\t\t<div class=\"fw-iconbox-title\">\n\t\t\t<h3>KEINE ELEKTROLYSE<\/h3>\n\t\t<\/div>\n\t\t<div class=\"fw-iconbox-text\">\n\t\t\t<p>Unsere Technologie repr\u00e4sentiert einen neuen - umweltfreundlichen - Prozess der Wasserstofferzeugung.<\/p>\n\t\t<\/div>\n\t<\/div>\n<\/div>\t\t\t\n\t\t\n\t<\/div><\/div>\n\n\n\t\t\t\t\t\n\t\t\t<\/div>\n\t\t\t\t\n\t<\/div><section class=\"section section-lightgray section-2 pt-0 pb-0\"  id=\"hydrogen\"  style=\"border-radius:0px;\" >\n\t\n\t\n\t\n\t\t\t\t\t\t<div class=\"container align-left\">\n\t\t\t\t\t\t<div class=\"row\">\n\t\t\t\t<div class=\"col-xs-12 col-sm-12\">\n\t\t\t\t\t\t\t\t\t\t\t\t\t\t\t<h3 class=\"section__title\">Wasserstoff in Europa<\/h3>\n\t\t\t\t\t\t\t\t\t<\/div>\n\t\t\t<\/div>\n\t\t\t\t\t<\/div>\n\t\t\t\t\n\t\t\n\t\t\n\t\t\t\t<div class=\"container-middle\">\n\t\t\t\t\t<div class=\"container align-left\">\n\n\t\t\t\t\n\t\t\t\t\t<div class=\"row\">\n\t\n<div class=\"col-xs-12 col-sm-5 no-padding align-left align-top\" style=\"border-radius:0px;\"  >\n\t\t\t\t\n\t\t\t\n<h4 class=\"\">Von der Strategie zur industriellen Realit\u00e4t<\/h4><p>Die Wasserstoff-Roadmap der Europ\u00e4ischen Union folgt einem strukturierten Drei-Phasen-Ansatz, der darauf ausgelegt ist, vom fr\u00fchen Markthochlauf zur vollst\u00e4ndigen Systemintegration \u00fcberzugehen.<\/p><ul><li><strong>Phase 1 (2020\u20132024)<\/strong> konzentriert sich auf den Aufbau erster Elektrolysekapazit\u00e4ten, die Festlegung regulatorischer Definitionen sowie die Schaffung erster industrieller Anwendungsfelder.<\/li><li><strong>Phase 2 (2025\u20132030)<\/strong> beschleunigt den Hochlauf: Die Produktionskapazit\u00e4ten werden deutlich ausgeweitet, der Einsatz von Wasserstoff wird auf energieintensive Industrien und den Schwerverkehr ausgedehnt. Die Kostensenkung durch Industrialisierung von Hydrogentechnologien r\u00fcckt in den Mittelpunkt.<\/li><li><strong>Phase 3 (2030\u20132050)<\/strong> zielt auf die vollst\u00e4ndige Integration ab: Wasserstoff entwickelt sich zu einem etablierten Energietr\u00e4ger, der in Europas industrielle Prozesse und Energieinfrastruktur eingebettet ist und die Klimaneutralit\u00e4t bis 2050 unterst\u00fctzt.<\/li><\/ul>\n\t<div class=\"fw-divider-space\" style=\"padding-top: 50px;\"><\/div>\n\n\n<a href=\"https:\/\/observatory.clean-hydrogen.europa.eu\/eu-policy\/eu-hydrogen-strategy-under-eu-green-deal?\" target=\"_blank\" class=\"btn-a btn-a_weight_bold btn-a_fill_theme btn-a_size_large btn-a_upper\" style=\"border-radius:0px;\"  >\n\t\t\t\t\t\t\t@European.Hydrogen.Observatory<\/a>\n\t\t\t\n\t\t\n\t<\/div>\n<div class=\"col-xs-12 col-sm-1 align-center align-top\" style=\"border-radius:0px;\"  >\n\t\t\t\t\n\t\t\t\t\t\t\n\t\t\n\t<\/div>\n<div class=\"col-xs-12 col-sm-5 no-padding align-left align-top\" style=\"border-radius:0px;\"  >\n\t\t\t\t\n\t\t\t\n<h4 class=\"\">Unsere Technologie in diesem Kontext<\/h4><p data-start=\"986\" data-end=\"1171\">W\u00e4hrend der Phasenplan der EU festlegt, wann Wasserstoff skaliert werden muss, bleibt die entscheidende Frage, wie er in industriellen Umgebungen effizient, zuverl\u00e4ssig und wirtschaftlich produziert werden kann.<\/p><p data-start=\"1173\" data-end=\"1246\">Unsere H\u2082-Produktionsmethode ist genau f\u00fcr diese \u00dcbergangsphase konzipiert:<\/p><ul data-start=\"1248\" data-end=\"1560\"><li data-start=\"1248\" data-end=\"1343\"><p data-start=\"1250\" data-end=\"1343\"><strong data-start=\"1250\" data-end=\"1276\">Industrieintegration<\/strong> \u2013 ausgelegt f\u00fcr den direkten Betrieb innerhalb bestehender Prozessumgebungen<\/p><\/li><li data-start=\"1248\" data-end=\"1343\"><p data-start=\"1250\" data-end=\"1343\"><strong>Umweltfreundlich\u00a0<\/strong>\u2013 wir nutzen industrielle Abfallstr\u00f6me zur Erzeugung von Wasserstoff<\/p><\/li><li data-start=\"1248\" data-end=\"1343\"><p data-start=\"1250\" data-end=\"1343\"><strong data-start=\"1346\" data-end=\"1361\">Anpassungsf\u00e4hig<\/strong> \u2013 skalierbar vom Pilotma\u00dfstab bis hin zur industriellen Anwendung<\/p><\/li><li data-start=\"1248\" data-end=\"1343\"><p data-start=\"1250\" data-end=\"1343\"><strong data-start=\"1409\" data-end=\"1430\">Effizient<\/strong> \u2013 optimiert hinsichtlich Energieeffizienz und Betriebsstabilit\u00e4t<\/p><\/li><li data-start=\"1248\" data-end=\"1343\"><p data-start=\"1250\" data-end=\"1343\"><strong data-start=\"1488\" data-end=\"1509\">Regulatorische Zukunftssicherheit<\/strong> \u2013 im Einklang mit den entstehenden regulatorischen Rahmenbedingungen der EU<\/p><\/li><\/ul><p data-start=\"1562\" data-end=\"1802\">W\u00e4hrend Europa vom strategischen Rahmen zur Umsetzung \u00fcbergeht, verschiebt sich der Fokus von Zielvorgaben hin zu konkreten Technologien. Unser Ansatz unterst\u00fctzt diesen Wandel \u2013 und erm\u00f6glicht eine umweltfreundliche Wasserstoffproduktion, die nicht nur technisch realisierbar, sondern auch wirtschaftlich effizient ist.<\/p>\t\t\t\n\t\t\n\t<\/div><\/div>\n\n\n\t\t\t\t\t\n\t\t\t<\/div>\n\t\t\t\t<\/div>\n\t\t\t\t\n\t<\/section><section class=\"section section-white section-2\"  id=\"about\"  style=\"border-radius:0px;\" >\n\t\n\t\n\t\n\t\t\t\t\t\t<div class=\"container align-left\">\n\t\t\t\t\t\t<div class=\"row\">\n\t\t\t\t<div class=\"col-xs-12 col-sm-12\">\n\t\t\t\t\t\t\t\t\t\t<span class=\"section__subtitle\">Konzept Einf\u00fchrung<\/span>\n\t\t\t\t\t\t\t\t\t\t\t\t\t\t\t<h3 class=\"section__title\">Wasserstoffproduktion<\/h3>\n\t\t\t\t\t\t\t\t\t<\/div>\n\t\t\t<\/div>\n\t\t\t\t\t<\/div>\n\t\t\t\t\n\t\t\n\t\t\n\t\t\t\t\t<div class=\"container align-left\">\n\n\t\t\t\t\n\t\t\t\t\t<div class=\"row\">\n\t\n<div class=\"col-xs-12 col-sm-6 align-top pb-0\" style=\"border-radius:0px;\"  >\n\t\t\t\t\n\t\t\t\n<p style=\"text-align: left;\">Die globale Abfallkrise und der Bedarf an sauberen Energiel\u00f6sungen erfordern innovatives Handeln. Unsere fortschrittliche Technologie wandelt unterschiedliche Abfallstr\u00f6me \u2013 von Biomasse bis hin zu industriellen R\u00fcckst\u00e4nden \u2013 in hochreinen Wasserstoff um. Dieser Prozess verhindert nicht nur die Deponierung von Abf\u00e4llen, sondern bietet zugleich eine erneuerbare und zirkul\u00e4re L\u00f6sung f\u00fcr die Energieerzeugung.\n\nDurch die Nutzung des chemischen Potenzials von Abf\u00e4llen schaffen wir einen doppelten Mehrwert: die Reduktion von Umweltbelastungen bei gleichzeitiger Bereitstellung einer stabilen Wasserstoffversorgung. Unsere L\u00f6sung bef\u00e4higt Industriebetriebe, Kommunen und Energieversorger, Abfall zuk\u00fcnftig als Ressource zu nutzen und zu einer widerstandsf\u00e4higeren, kohlenstoffarmen Zukunft beizutragen.<\/p>\t\t\t\n\t\t\n\t<\/div>\n<div class=\"col-xs-12 col-sm-6 align-top\" style=\"border-radius:0px;\"  >\n\t\t\t\t\n\t\t\t\n<h4 class=\"\">NextGen Wasserstoffinfrastruktur gestalten<\/h4><p>Zuk\u00fcnftige Wasserstofftechnologien konzentrieren sich auf Leistungsf\u00e4higkeit, Skalierbarkeit, Sicherheit und industrielle Integration. Fortschrittliche Aufbereitungstechnologien, Hochdruckspeicherung und gro\u00dfskalige Infrastrukturen werden es erm\u00f6glichen, dass Wasserstoff zu einem zentralen Energietr\u00e4ger in Industrie, Mobilit\u00e4t und Energiesystemen wird.\n\nUnsere Technologie geht \u00fcber diese Anforderungen hinaus, indem Sie ebenso den Aspekt der Nachhaltigkeit ber\u00fccksichtigt.<\/p>\t\t\t\n\t\t\n\t<\/div><\/div>\n\n\n\t\t\t\t\t\n\t\t\t<\/div>\n\t\t\t\t\n\t<\/section><div class=\"section section-white section-2 pt-0 pb-0\"  id=\"process\"  style=\"border-radius:0px;\" >\n\t\n\t\n\t\n\t\t\n\t\t\n\t\t\n\t\t\t\t\t<div class=\"align-left\">\n\n\t\t\t\t\n\t\t\t\t\t<div class=\"row\">\n\t\n<div class=\"col-xs-12 col-sm-4 equal-cols no-padding align-top\" style=\"border-radius:0px;\"  >\n\t\t\t\t\n\t\t\t\n<div class=\"info-box-item theme-background-color\" style=\"border-radius:0px;\">\n\t<div class=\"info-box-item__inner\">\n\t\t\t<h5 class=\"info-box__title\">Arbeitsprozess<\/h5>\n\t\t\t\t<div class=\"info-box__description\"><p>Unser Arbeitsprozess basiert auf einer engen und zielorientierten Abstimmung mit unseren Kunden. Bereits in einer fr\u00fchen Projektphase definieren wir gemeinsam die relevanten Parameter der Abfallstr\u00f6me und schaffen so eine belastbare technische sowie wirtschaftliche Grundlage f\u00fcr die Systemauslegung. Abschlie\u00dfend bewerten wir den verf\u00fcgbaren finanziellen Rahmen unter verschiedenen Vertragsmodellen, um eine flexible und projektspezifische Umsetzung zu erm\u00f6glichen.<\/p><\/div>\n\t\t\t\n\n<a href=\"https:\/\/zero-carbon.at\" target=\"_blank\" class=\"btn-a btn-a_size_small btn-a_hover_2 btn-a_upper\" style=\"border-radius:0px;\"  >\n\t\t\t\t\t\t\tWeitere Informationen<\/a>\n\t<\/div>\n<\/div>\n\n\n\n\t\t\t\n\t\t\n\t<\/div>\n<div class=\"col-xs-12 col-sm-4 equal-cols no-padding align-top\" style=\"border-radius:0px;\"  >\n\t\t\t\t\n\t\t\t\n\n<div class=\"info-box-item section-dark\" style=\"border-radius:0px;\">\n\t<div class=\"info-box-item__inner\">\n\t\t\t\t<div class=\"info-box-2-subitem\">\n\n\t\t\t\t\t\t\t<i class=\"info-box-2-subitem__ico ico ico-pe-icon-7-stroke-66\"><\/i>\n\t\t\t\t\t\t\n\t\t\t\t\t\t<span class=\"info-box-2-subitem__title\">Konzept<\/span>\n\t\t\t\t\t\t\t\t\t<div class=\"info-box-2-subitem__description\"><p>Technische und wirtschaftliche Machbarkeit werden in enger Abstimmung mit dem Kunden festgestellt und definiert.<\/p><\/div>\n\t\t\t\t\t<\/div>\n\t\t\t\t<div class=\"info-box-2-subitem\">\n\n\t\t\t\t\t\t\t<i class=\"info-box-2-subitem__ico ico ico-pe-icon-7-stroke-6\"><\/i>\n\t\t\t\t\t\t\n\t\t\t\t\t\t<span class=\"info-box-2-subitem__title\">INTEGRATION<\/span>\n\t\t\t\t\t\t\t\t\t<div class=\"info-box-2-subitem__description\"><p>Die Anpassungsf\u00e4higkeit unserer Module erlaubt unsere Wasserstofferzeugungstechnologie in bestehende Prozesse einfach zu integrieren.<\/p><\/div>\n\t\t\t\t\t<\/div>\n\t\t\t\t<div class=\"info-box-2-subitem\">\n\n\t\t\t\t\t\t\t<i class=\"info-box-2-subitem__ico ico ico-31\"><\/i>\n\t\t\t\t\t\t\n\t\t\t\t\t\t<span class=\"info-box-2-subitem__title\">UPSCALING<\/span>\n\t\t\t\t\t\t\t\t\t<div class=\"info-box-2-subitem__description\"><p>Nach der erfolgreichen Inbetriebnahme des ersten Moduls kann das System auf weitere Abfallstr\u00f6me sowie auf zuk\u00fcnftige Anlagenerweiterungen ausgeweitet werden. Auf Grundlage der gewonnenen Betriebsdaten lassen sich zus\u00e4tzliche Module schrittweise integrieren, wodurch eine flexible und bedarfsorientierte Skalierung im Einklang mit den prozessualen Anforderungen des Kunden erm\u00f6glicht wird.<\/p><\/div>\n\t\t\t\t\t<\/div>\n\t\t\t<\/div>\n<\/div>\n\n\n\t\t\t\n\t\t\n\t<\/div>\n<div class=\"hidden-xs col-xs-12 col-sm-4 equal-cols no-padding align-top\" style=\"border-radius:0px;\"  >\n\t\t\t\t\n\t\t\t<div class=\"parallax\" style=\"background-image:url(https:\/\/h-two.tech\/wp-content\/uploads\/2026\/01\/007-1.png);background-size:cover;background-repeat:no-repeat;border-radius:0px;\" data-parallax=\"{&quot;speed&quot;:&quot;0.75&quot;,&quot;fading&quot;:&quot;true&quot;,&quot;minFading&quot;:&quot;70&quot;,&quot;scale&quot;:&quot;true&quot;,&quot;maxScale&quot;:&quot;1.5&quot;}\"><\/div>\n\t\t\t\n\t\t\n\t<\/div><\/div>\n\n\n\t\t\t\t\t\n\t\t\t<\/div>\n\t\t\t\t\n\t<\/div><section class=\"section section-white section-2 pt-0 pb-0\"  id=\"comparison\"  style=\"border-radius:0px;\" >\n\t\n\t\n\t\n\t\t\t\t\t\t<div class=\"container align-left\">\n\t\t\t\t\t\t<div class=\"row\">\n\t\t\t\t<div class=\"col-xs-12 col-sm-12\">\n\t\t\t\t\t\t\t\t\t\t<span class=\"section__subtitle\">TECHNOLOGY<\/span>\n\t\t\t\t\t\t\t\t\t\t\t\t\t\t\t<h3 class=\"section__title\">KostenVergleich<\/h3>\n\t\t\t\t\t\t\t\t\t<\/div>\n\t\t\t<\/div>\n\t\t\t\t\t<\/div>\n\t\t\t\t\n\t\t\n\t\t\n\t\t\t\t<div class=\"container-middle\">\n\t\t\t\t\t<div class=\"container align-center\">\n\n\t\t\t\t\n\t\t\t\t\t<div class=\"row\">\n\t\n<div class=\"col-xs-12 col-sm-12 align-top\" style=\"border-radius:0px;\"  >\n\t\t\t\t\n\t\t\t<img decoding=\"async\" src=\"\/\/h-two.tech\/wp-content\/uploads\/2026\/03\/finalComparisson-scaled.png\" alt=\"\/\/h-two.tech\/wp-content\/uploads\/2026\/03\/finalComparisson-scaled.png\" \/>\t\t\t\n\t\t\n\t<\/div><\/div>\n\n<div class=\"row\">\n\t\n<div class=\"col-xs-12 col-sm-12 align-top\" style=\"border-radius:0px;\"  >\n\t\t\t\t\n\t\t\t<img loading=\"lazy\" decoding=\"async\" src=\"https:\/\/h-two.tech\/wp-content\/uploads\/2026\/03\/h204-585x375.png\" alt=\"https:\/\/h-two.tech\/wp-content\/uploads\/2026\/03\/h204-585x375.png\" width=\"585\" height=\"375\" \/>\t\t\t\n\t\t\n\t<\/div><\/div>\n\n\n\t\t\t\t\t\n\t\t\t<\/div>\n\t\t\t\t<\/div>\n\t\t\t\t\n\t<\/section><section class=\"section section-white section-2 pt-0 pb-0\"  id=\"features\"  style=\"border-radius:0px;\" >\n\t\n\t\n\t\n\t\t\t\t\t\t<div class=\"container align-left\">\n\t\t\t\t\t\t<div class=\"row\">\n\t\t\t\t<div class=\"col-xs-12 col-sm-12\">\n\t\t\t\t\t\t\t\t\t\t<span class=\"section__subtitle\">Modul<\/span>\n\t\t\t\t\t\t\t\t\t\t\t\t\t\t\t<h3 class=\"section__title\">Vorteile<\/h3>\n\t\t\t\t\t\t\t\t\t<\/div>\n\t\t\t<\/div>\n\t\t\t\t\t<\/div>\n\t\t\t\t\n\t\t\n\t\t\n\t\t\t\t\t<div class=\"container align-left\">\n\n\t\t\t\t\n\t\t\t\t\t<div class=\"row\">\n\t\n<div class=\"col-xs-12 col-sm-6 col-md-4 align-top\" style=\"border-radius:0px;\"  >\n\t\t\t\t\n\t\t\t\n\n<div class=\"features-3\" style=\"border-radius:0px;\">\n\t<div class=\"features-item\">\n\t\t<div class=\"row\">\n\t\t\t\t\t\t<div class=\"col-xs-3 col-sm-3\">\n\n\t\t\t\t\t\t\t\t\t<i class=\"features-item__icon ico ico-73\" ><\/i>\n\t\t\t\t\t\t\t\t\n\t\t\t<\/div>\n\t\t\t\n\t\t\t\t\t\t\t<div class=\"col-xs-5 col-sm-5\">\n\t\t\t\t\t\t\t\t\t\t<h5 class=\"features-item__title\">SKALIERBAR UND ANPASSUNGSF\u00c4HIG<\/h5>\n\t\t\t\t\t\t\t\t\t\t\t\t\t\t\t<div class=\"features-item__text\"><p>Unsere Module sind hinsichtlich der Abfallverwertung und der H\u2082-Produktionsmenge skalierbar und k\u00f6nnen an kundenspezifische Anforderungen bez\u00fcglich des Einsatzvolumens angepasst werden.<\/p><\/div>\n\t\t\t\t\t\t\t\t\t<\/div>\n\t\t\t\n\t\t<\/div>\n\t<\/div>\n<\/div>\n\t\t\t\n\t\t\n\t<\/div>\n<div class=\"col-xs-12 col-sm-6 col-md-4 align-top\" style=\"border-radius:0px;\"  >\n\t\t\t\t\n\t\t\t\n\n<div class=\"features-3\" style=\"border-radius:0px;\">\n\t<div class=\"features-item\">\n\t\t<div class=\"row\">\n\t\t\t\t\t\t<div class=\"col-xs-3 col-sm-3\">\n\n\t\t\t\t\t\t\t\t\t<i class=\"features-item__icon ico ico-mobirise-101\" ><\/i>\n\t\t\t\t\t\t\t\t\n\t\t\t<\/div>\n\t\t\t\n\t\t\t\t\t\t\t<div class=\"col-xs-5 col-sm-5\">\n\t\t\t\t\t\t\t\t\t\t<h5 class=\"features-item__title\">NEUE EINKOMMENSQUELLE <\/h5>\n\t\t\t\t\t\t\t\t\t\t\t\t\t\t\t<div class=\"features-item__text\"><p>Die Erzeugung von Wasserstoff aus Abf\u00e4llen spart Entsorgungskosten, erm\u00f6glicht die interne Nutzung des Wasserstoffs oder dessen externe Vermarktung.<\/p><\/div>\n\t\t\t\t\t\t\t\t\t<\/div>\n\t\t\t\n\t\t<\/div>\n\t<\/div>\n<\/div>\n\t\t\t\n\t\t\n\t<\/div>\n<div class=\"col-xs-12 col-sm-6 col-md-4 align-top\" style=\"border-radius:0px;\"  >\n\t\t\t\t\n\t\t\t\n\n<div class=\"features-3\" style=\"border-radius:0px;\">\n\t<div class=\"features-item\">\n\t\t<div class=\"row\">\n\t\t\t\t\t\t<div class=\"col-xs-3 col-sm-3\">\n\n\t\t\t\t\t\t\t\t\t<i class=\"features-item__icon ico ico-linearicons-free-29\" ><\/i>\n\t\t\t\t\t\t\t\t\n\t\t\t<\/div>\n\t\t\t\n\t\t\t\t\t\t\t<div class=\"col-xs-5 col-sm-5\">\n\t\t\t\t\t\t\t\t\t\t<h5 class=\"features-item__title\">ENGINEERING EXPERTISE<\/h5>\n\t\t\t\t\t\t\t\t\t\t\t\t\t\t\t<div class=\"features-item__text\"><p>Jahrzehntelange verfahrenstechnische Kompetenz und Forschungs- sowie Entwicklungsarbeit bilden die Grundlage unserer Produkte.<\/p><\/div>\n\t\t\t\t\t\t\t\t\t<\/div>\n\t\t\t\n\t\t<\/div>\n\t<\/div>\n<\/div>\n\t\t\t\n\t\t\n\t<\/div><\/div>\n\n\n\t\t\t\t\t\n\t\t\t<\/div>\n\t\t\t\t\n\t<\/section><\/p>","protected":false},"excerpt":{"rendered":"<p>Utilizing waste to create value Get in contact learn more about our technologies and services CREATE HYDROGEN From industrial waste Get in contact 0 RETURN ON INVESTMENT 0 SCALEABLE AND ADAPTABLE 0 FUTURE PROOF NOT BASED ON ELECTROLYSIS Our technolgy represents a new &#8211; environmentally friendly &#8211; way of producing hydrogen. Hydrogen in Europe From<\/p>\n<a class=\"more-link btn-a btn-a_color_theme btn-a_hover_2\" href=\"https:\/\/h-two.tech\/de\/\">Weitere Informationen<\/a>","protected":false},"author":1,"featured_media":0,"parent":0,"menu_order":0,"comment_status":"closed","ping_status":"closed","template":"page-home.php","meta":{"footnotes":""},"class_list":["post-1341","page","type-page","status-publish","hentry"],"_links":{"self":[{"href":"https:\/\/h-two.tech\/de\/wp-json\/wp\/v2\/pages\/1341","targetHints":{"allow":["GET"]}}],"collection":[{"href":"https:\/\/h-two.tech\/de\/wp-json\/wp\/v2\/pages"}],"about":[{"href":"https:\/\/h-two.tech\/de\/wp-json\/wp\/v2\/types\/page"}],"author":[{"embeddable":true,"href":"https:\/\/h-two.tech\/de\/wp-json\/wp\/v2\/users\/1"}],"replies":[{"embeddable":true,"href":"https:\/\/h-two.tech\/de\/wp-json\/wp\/v2\/comments?post=1341"}],"version-history":[{"count":90,"href":"https:\/\/h-two.tech\/de\/wp-json\/wp\/v2\/pages\/1341\/revisions"}],"predecessor-version":[{"id":4410,"href":"https:\/\/h-two.tech\/de\/wp-json\/wp\/v2\/pages\/1341\/revisions\/4410"}],"wp:attachment":[{"href":"https:\/\/h-two.tech\/de\/wp-json\/wp\/v2\/media?parent=1341"}],"curies":[{"name":"wp","href":"https:\/\/api.w.org\/{rel}","templated":true}]}}